{"id":38,"date":"2020-01-15T05:22:56","date_gmt":"2020-01-15T04:22:56","guid":{"rendered":"http:\/\/www.lesyon.fr\/site2\/?page_id=38"},"modified":"2026-02-02T13:53:32","modified_gmt":"2026-02-02T12:53:32","slug":"isabelle-coach-de-vie-et-praticienne-en-memoire-cellulaire","status":"publish","type":"page","link":"https:\/\/www.grainsdepossible.fr\/","title":{"rendered":"Isabelle Yon"},"content":{"rendered":"\n<h2 class=\"wp-block-heading has-text-align-center has-text-color\" style=\"color:#1e7009\">Chercher avec vous<\/h2>\n\n\n<div class=\"wp-block-image is-style-rounded\">\n<figure class=\"aligncenter size-thumbnail\"><img decoding=\"async\" loading=\"lazy\" width=\"150\" height=\"150\" src=\"https:\/\/www.grainsdepossible.fr\/wp-content\/uploads\/2020\/08\/ficaire-150x150.jpg\" alt=\"\" class=\"wp-image-218\" srcset=\"https:\/\/www.grainsdepossible.fr\/wp-content\/uploads\/2020\/08\/ficaire-150x150.jpg 150w, https:\/\/www.grainsdepossible.fr\/wp-content\/uploads\/2020\/08\/ficaire-300x300.jpg 300w, https:\/\/www.grainsdepossible.fr\/wp-content\/uploads\/2020\/08\/ficaire-768x768.jpg 768w, https:\/\/www.grainsdepossible.fr\/wp-content\/uploads\/2020\/08\/ficaire.jpg 960w\" sizes=\"(max-width: 150px) 100vw, 150px\" \/><\/figure><\/div>\n\n\n<p class=\"has-medium-font-size\">Il arrive que l&rsquo;horizon semble bouch\u00e9, que l&rsquo;\u00e9nergie manque, que certaines difficult\u00e9s se r\u00e9p\u00e8tent. Comment avancer ? O\u00f9 chercher de nouvelles perspectives&nbsp;?<\/p>\n\n\n\n<p class=\"has-medium-font-size\">Je vous propose de vous  accompagner dans une exploration de vous-m\u00eame, pour identifier avec vous les \u00ab\u00a0grains de possible\u00a0\u00bb \u2014 ces ressources, id\u00e9es ou \u00e9lans qui peuvent, avec le temps, grandir et devenir des arbres majestueux o\u00f9 nichent les oiseaux du ciel :<\/p>\n\n\n\n<h4 class=\"wp-block-heading has-text-color\" style=\"color:#1e7009;font-size:18px\">&#8211; en vous, \u00e0 travers l&rsquo;\u00e9coute de vos ressentis corporels, \u00e9motionnels et v\u00e9cus personnels<\/h4>\n\n\n\n<h4 class=\"wp-block-heading has-text-color\" style=\"color:#1e7009;font-size:18px\">&#8211; dans vos projets collectifs en tant que formatrice et \u00e9coutante   <\/h4>\n\n\n\n<p><\/p>\n\n\n\n<p class=\"has-medium-font-size\">Chaque chemin est singulier, et mon r\u00f4le est d\u2019offrir un espace d\u2019\u00e9coute, de pr\u00e9sence et de dialogue pour que vous puissiez avancer \u00e0 votre rythme.<\/p>\n\n\n\n<p class=\"has-vivid-purple-color has-text-color\">Consultez <a href=\"https:\/\/www.grainsdepossible.fr\/index.php\/mes-propositions\/\">mes propositions<\/a>.<\/p>\n","protected":false},"excerpt":{"rendered":"<p>Chercher avec vous Il arrive que l&rsquo;horizon semble bouch\u00e9, que l&rsquo;\u00e9nergie manque, que certaines difficult\u00e9s se r\u00e9p\u00e8tent. Comment avancer ? O\u00f9 chercher de nouvelles perspectives&nbsp;? Je vous propose de vous accompagner dans une exploration de vous-m\u00eame, pour identifier avec vous les \u00ab\u00a0grains de possible\u00a0\u00bb \u2014 ces ressources, id\u00e9es ou \u00e9lans qui peuvent, avec le temps, grandir et devenir des arbres majestueux o\u00f9 nichent les oiseaux du ciel : &#8211; en vous, \u00e0 travers l&rsquo;\u00e9coute de vos ressentis corporels, \u00e9motionnels et&#8230;<\/p>\n<p class=\"read-more\"><a class=\"btn btn-default\" href=\"https:\/\/www.grainsdepossible.fr\/\">Lire la suite<span class=\"screen-reader-text\"> Lire la suite<\/span><\/a><\/p>\n","protected":false},"author":2,"featured_media":0,"parent":0,"menu_order":0,"comment_status":"closed","ping_status":"closed","template":"","meta":[],"yoast_head":"<!-- This site is optimized with the Yoast SEO plugin v18.6 - https:\/\/yoast.com\/wordpress\/plugins\/seo\/ -->\n<title>Isabelle Yon - Grains de Possible<\/title>\n<meta name=\"robots\" content=\"index, follow, max-snippet:-1, max-image-preview:large, max-video-preview:-1\" \/>\n<link rel=\"canonical\" href=\"https:\/\/www.grainsdepossible.fr\/\" \/>\n<meta property=\"og:locale\" content=\"fr_FR\" \/>\n<meta property=\"og:type\" content=\"article\" \/>\n<meta property=\"og:title\" content=\"Isabelle Yon - Grains de Possible\" \/>\n<meta property=\"og:description\" content=\"Chercher avec vous Il arrive que l&rsquo;horizon semble bouch\u00e9, que l&rsquo;\u00e9nergie manque, que certaines difficult\u00e9s se r\u00e9p\u00e8tent. Comment avancer ? O\u00f9 chercher de nouvelles perspectives&nbsp;? Je vous propose de vous accompagner dans une exploration de vous-m\u00eame, pour identifier avec vous les \u00ab\u00a0grains de possible\u00a0\u00bb \u2014 ces ressources, id\u00e9es ou \u00e9lans qui peuvent, avec le temps, grandir et devenir des arbres majestueux o\u00f9 nichent les oiseaux du ciel : &#8211; en vous, \u00e0 travers l&rsquo;\u00e9coute de vos ressentis corporels, \u00e9motionnels et...Lire la suite Lire la suite\" \/>\n<meta property=\"og:url\" content=\"https:\/\/www.grainsdepossible.fr\/\" \/>\n<meta property=\"og:site_name\" content=\"Grains de Possible\" \/>\n<meta property=\"article:publisher\" content=\"https:\/\/www.facebook.com\/profile.php?id=100016999153784\" \/>\n<meta property=\"article:modified_time\" content=\"2026-02-02T12:53:32+00:00\" \/>\n<meta property=\"og:image\" content=\"https:\/\/www.grainsdepossible.fr\/wp-content\/uploads\/2020\/08\/ficaire-150x150.jpg\" \/>\n<meta name=\"twitter:card\" content=\"summary_large_image\" \/>\n<meta name=\"twitter:label1\" content=\"Dur\u00e9e de lecture estim\u00e9e\" \/>\n\t<meta name=\"twitter:data1\" content=\"1 minute\" \/>\n<script type=\"application\/ld+json\" class=\"yoast-schema-graph\">{\"@context\":\"https:\/\/schema.org\",\"@graph\":[{\"@type\":\"WebSite\",\"@id\":\"https:\/\/www.grainsdepossible.fr\/#website\",\"url\":\"https:\/\/www.grainsdepossible.fr\/\",\"name\":\"Grains de Possible\",\"description\":\"\",\"potentialAction\":[{\"@type\":\"SearchAction\",\"target\":{\"@type\":\"EntryPoint\",\"urlTemplate\":\"https:\/\/www.grainsdepossible.fr\/?s={search_term_string}\"},\"query-input\":\"required name=search_term_string\"}],\"inLanguage\":\"fr-FR\"},{\"@type\":\"ImageObject\",\"@id\":\"https:\/\/www.grainsdepossible.fr\/#primaryimage\",\"inLanguage\":\"fr-FR\",\"url\":\"https:\/\/www.grainsdepossible.fr\/wp-content\/uploads\/2020\/08\/ficaire.jpg\",\"contentUrl\":\"https:\/\/www.grainsdepossible.fr\/wp-content\/uploads\/2020\/08\/ficaire.jpg\",\"width\":960,\"height\":960},{\"@type\":\"WebPage\",\"@id\":\"https:\/\/www.grainsdepossible.fr\/#webpage\",\"url\":\"https:\/\/www.grainsdepossible.fr\/\",\"name\":\"Isabelle Yon - Grains de Possible\",\"isPartOf\":{\"@id\":\"https:\/\/www.grainsdepossible.fr\/#website\"},\"primaryImageOfPage\":{\"@id\":\"https:\/\/www.grainsdepossible.fr\/#primaryimage\"},\"datePublished\":\"2020-01-15T04:22:56+00:00\",\"dateModified\":\"2026-02-02T12:53:32+00:00\",\"breadcrumb\":{\"@id\":\"https:\/\/www.grainsdepossible.fr\/#breadcrumb\"},\"inLanguage\":\"fr-FR\",\"potentialAction\":[{\"@type\":\"ReadAction\",\"target\":[\"https:\/\/www.grainsdepossible.fr\/\"]}]},{\"@type\":\"BreadcrumbList\",\"@id\":\"https:\/\/www.grainsdepossible.fr\/#breadcrumb\",\"itemListElement\":[{\"@type\":\"ListItem\",\"position\":1,\"name\":\"Home\",\"item\":\"https:\/\/www.grainsdepossible.fr\/\"},{\"@type\":\"ListItem\",\"position\":2,\"name\":\"Isabelle Yon\"}]}]}<\/script>\n<!-- \/ Yoast SEO plugin. -->","yoast_head_json":{"title":"Isabelle Yon - Grains de Possible","robots":{"index":"index","follow":"follow","max-snippet":"max-snippet:-1","max-image-preview":"max-image-preview:large","max-video-preview":"max-video-preview:-1"},"canonical":"https:\/\/www.grainsdepossible.fr\/","og_locale":"fr_FR","og_type":"article","og_title":"Isabelle Yon - Grains de Possible","og_description":"Chercher avec vous Il arrive que l&rsquo;horizon semble bouch\u00e9, que l&rsquo;\u00e9nergie manque, que certaines difficult\u00e9s se r\u00e9p\u00e8tent. Comment avancer ? O\u00f9 chercher de nouvelles perspectives&nbsp;? Je vous propose de vous accompagner dans une exploration de vous-m\u00eame, pour identifier avec vous les \u00ab\u00a0grains de possible\u00a0\u00bb \u2014 ces ressources, id\u00e9es ou \u00e9lans qui peuvent, avec le temps, grandir et devenir des arbres majestueux o\u00f9 nichent les oiseaux du ciel : &#8211; en vous, \u00e0 travers l&rsquo;\u00e9coute de vos ressentis corporels, \u00e9motionnels et...Lire la suite Lire la suite","og_url":"https:\/\/www.grainsdepossible.fr\/","og_site_name":"Grains de Possible","article_publisher":"https:\/\/www.facebook.com\/profile.php?id=100016999153784","article_modified_time":"2026-02-02T12:53:32+00:00","og_image":[{"url":"https:\/\/www.grainsdepossible.fr\/wp-content\/uploads\/2020\/08\/ficaire-150x150.jpg"}],"twitter_card":"summary_large_image","twitter_misc":{"Dur\u00e9e de lecture estim\u00e9e":"1 minute"},"schema":{"@context":"https:\/\/schema.org","@graph":[{"@type":"WebSite","@id":"https:\/\/www.grainsdepossible.fr\/#website","url":"https:\/\/www.grainsdepossible.fr\/","name":"Grains de Possible","description":"","potentialAction":[{"@type":"SearchAction","target":{"@type":"EntryPoint","urlTemplate":"https:\/\/www.grainsdepossible.fr\/?s={search_term_string}"},"query-input":"required name=search_term_string"}],"inLanguage":"fr-FR"},{"@type":"ImageObject","@id":"https:\/\/www.grainsdepossible.fr\/#primaryimage","inLanguage":"fr-FR","url":"https:\/\/www.grainsdepossible.fr\/wp-content\/uploads\/2020\/08\/ficaire.jpg","contentUrl":"https:\/\/www.grainsdepossible.fr\/wp-content\/uploads\/2020\/08\/ficaire.jpg","width":960,"height":960},{"@type":"WebPage","@id":"https:\/\/www.grainsdepossible.fr\/#webpage","url":"https:\/\/www.grainsdepossible.fr\/","name":"Isabelle Yon - Grains de Possible","isPartOf":{"@id":"https:\/\/www.grainsdepossible.fr\/#website"},"primaryImageOfPage":{"@id":"https:\/\/www.grainsdepossible.fr\/#primaryimage"},"datePublished":"2020-01-15T04:22:56+00:00","dateModified":"2026-02-02T12:53:32+00:00","breadcrumb":{"@id":"https:\/\/www.grainsdepossible.fr\/#breadcrumb"},"inLanguage":"fr-FR","potentialAction":[{"@type":"ReadAction","target":["https:\/\/www.grainsdepossible.fr\/"]}]},{"@type":"BreadcrumbList","@id":"https:\/\/www.grainsdepossible.fr\/#breadcrumb","itemListElement":[{"@type":"ListItem","position":1,"name":"Home","item":"https:\/\/www.grainsdepossible.fr\/"},{"@type":"ListItem","position":2,"name":"Isabelle Yon"}]}]}},"_links":{"self":[{"href":"https:\/\/www.grainsdepossible.fr\/index.php\/wp-json\/wp\/v2\/pages\/38"}],"collection":[{"href":"https:\/\/www.grainsdepossible.fr\/index.php\/wp-json\/wp\/v2\/pages"}],"about":[{"href":"https:\/\/www.grainsdepossible.fr\/index.php\/wp-json\/wp\/v2\/types\/page"}],"author":[{"embeddable":true,"href":"https:\/\/www.grainsdepossible.fr\/index.php\/wp-json\/wp\/v2\/users\/2"}],"replies":[{"embeddable":true,"href":"https:\/\/www.grainsdepossible.fr\/index.php\/wp-json\/wp\/v2\/comments?post=38"}],"version-history":[{"count":170,"href":"https:\/\/www.grainsdepossible.fr\/index.php\/wp-json\/wp\/v2\/pages\/38\/revisions"}],"predecessor-version":[{"id":1519,"href":"https:\/\/www.grainsdepossible.fr\/index.php\/wp-json\/wp\/v2\/pages\/38\/revisions\/1519"}],"wp:attachment":[{"href":"https:\/\/www.grainsdepossible.fr\/index.php\/wp-json\/wp\/v2\/media?parent=38"}],"curies":[{"name":"wp","href":"https:\/\/api.w.org\/{rel}","templated":true}]}}