{"id":622,"date":"2020-09-03T15:48:17","date_gmt":"2020-09-03T13:48:17","guid":{"rendered":"https:\/\/www.grainsdepossible.fr\/?page_id=622"},"modified":"2025-09-18T11:35:23","modified_gmt":"2025-09-18T09:35:23","slug":"me-contacter","status":"publish","type":"page","link":"https:\/\/www.grainsdepossible.fr\/index.php\/me-contacter\/","title":{"rendered":"Me contacter"},"content":{"rendered":"\n<h3 class=\"wp-block-heading\"><mark style=\"background-color:rgba(0, 0, 0, 0);color:#fa6100\" class=\"has-inline-color\">Mes coordonn\u00e9es<\/mark><\/h3>\n\n\n\n<p>Isabelle Yon<br>1 rue Vandenberghe, 59000 Lille<\/p>\n\n\n\n<p><strong>T\u00e9l<\/strong> : 06 85 81 69 39<\/p>\n\n\n\n<p>Mail : <a rel=\"noreferrer noopener\" href=\"mailto:isabelle.yon@orange.fr\" target=\"_blank\">isabelle.yon@orange.fr<\/a><\/p>\n\n\n\n<div class=\"wp-block-columns is-layout-flex wp-container-3\">\n<div class=\"wp-block-column is-layout-flow\"><\/div>\n\n\n\n<div class=\"wp-block-column is-layout-flow\"><\/div>\n<\/div>\n\n\n\n<h3 class=\"wp-block-heading\"><mark style=\"background-color:rgba(0, 0, 0, 0);color:#fa6100\" class=\"has-inline-color\">Mes lieux de rendez-vous<\/mark><\/h3>\n\n\n\n<div class=\"wp-block-columns is-layout-flex wp-container-6\">\n<div class=\"wp-block-column is-layout-flow\" style=\"flex-basis:33.33%\">\n<figure class=\"wp-block-image size-full\"><img decoding=\"async\" loading=\"lazy\" width=\"569\" height=\"603\" src=\"https:\/\/www.grainsdepossible.fr\/wp-content\/uploads\/2024\/04\/IMG_8265.jpeg\" alt=\"\" class=\"wp-image-1424\" srcset=\"https:\/\/www.grainsdepossible.fr\/wp-content\/uploads\/2024\/04\/IMG_8265.jpeg 569w, https:\/\/www.grainsdepossible.fr\/wp-content\/uploads\/2024\/04\/IMG_8265-283x300.jpeg 283w, https:\/\/www.grainsdepossible.fr\/wp-content\/uploads\/2024\/04\/IMG_8265-255x270.jpeg 255w\" sizes=\"(max-width: 569px) 100vw, 569px\" \/><\/figure>\n<\/div>\n\n\n\n<div class=\"wp-block-column is-layout-flow\" style=\"flex-basis:66.66%\">\n<h4 class=\"wp-block-heading\">1 rue Vandenberghe 59000 Lille<\/h4>\n\n\n\n<blockquote class=\"wp-block-quote\">\n<p>M\u00e9tro : ligne 2, arr\u00eat Saint-Maurice Pellevoisin <br>Tram : arr\u00eat Saint Maur<br>Bus 16 arr\u00eat Pilon<\/p>\n<\/blockquote>\n<\/div>\n<\/div>\n\n\n\n<div class=\"wp-block-columns is-layout-flex wp-container-9\">\n<div class=\"wp-block-column is-layout-flow\" style=\"flex-basis:33.33%\">\n<figure class=\"wp-block-image size-full\"><img decoding=\"async\" loading=\"lazy\" width=\"778\" height=\"532\" src=\"https:\/\/www.grainsdepossible.fr\/wp-content\/uploads\/2025\/09\/4-rue-coypel-75013-paris-Recherche-Google.jpeg\" alt=\"\" class=\"wp-image-1465\" srcset=\"https:\/\/www.grainsdepossible.fr\/wp-content\/uploads\/2025\/09\/4-rue-coypel-75013-paris-Recherche-Google.jpeg 778w, https:\/\/www.grainsdepossible.fr\/wp-content\/uploads\/2025\/09\/4-rue-coypel-75013-paris-Recherche-Google-300x205.jpeg 300w, https:\/\/www.grainsdepossible.fr\/wp-content\/uploads\/2025\/09\/4-rue-coypel-75013-paris-Recherche-Google-768x525.jpeg 768w, https:\/\/www.grainsdepossible.fr\/wp-content\/uploads\/2025\/09\/4-rue-coypel-75013-paris-Recherche-Google-395x270.jpeg 395w\" sizes=\"(max-width: 778px) 100vw, 778px\" \/><\/figure>\n<\/div>\n\n\n\n<div class=\"wp-block-column is-layout-flow\" style=\"flex-basis:66.66%\">\n<h4 class=\"wp-block-heading\">4 rue Coypel, 75013 Paris<\/h4>\n\n\n\n<blockquote class=\"wp-block-quote is-style-default\">\n<p>M\u00e9tro : place d&rsquo;Italie<br><\/p>\n<\/blockquote>\n\n\n\n<p><\/p>\n<\/div>\n<\/div>\n\n\n\n<p><\/p>\n","protected":false},"excerpt":{"rendered":"<p>Mes coordonn\u00e9es Isabelle Yon1 rue Vandenberghe, 59000 Lille T\u00e9l : 06 85 81 69 39 Mail : isabelle.yon@orange.fr Mes lieux de rendez-vous 1 rue Vandenberghe 59000 Lille M\u00e9tro : ligne 2, arr\u00eat Saint-Maurice Pellevoisin Tram : arr\u00eat Saint MaurBus 16 arr\u00eat Pilon 4 rue Coypel, 75013 Paris M\u00e9tro : place d&rsquo;Italie<\/p>\n","protected":false},"author":2,"featured_media":173,"parent":0,"menu_order":0,"comment_status":"closed","ping_status":"closed","template":"","meta":[],"yoast_head":"<!-- This site is optimized with the Yoast SEO plugin v18.6 - https:\/\/yoast.com\/wordpress\/plugins\/seo\/ -->\n<title>Me contacter - Grains de Possible<\/title>\n<meta name=\"robots\" content=\"index, follow, max-snippet:-1, max-image-preview:large, max-video-preview:-1\" \/>\n<link rel=\"canonical\" href=\"https:\/\/www.grainsdepossible.fr\/index.php\/me-contacter\/\" \/>\n<meta property=\"og:locale\" content=\"fr_FR\" \/>\n<meta property=\"og:type\" content=\"article\" \/>\n<meta property=\"og:title\" content=\"Me contacter - Grains de Possible\" \/>\n<meta property=\"og:description\" content=\"Mes coordonn\u00e9es Isabelle Yon1 rue Vandenberghe, 59000 Lille T\u00e9l : 06 85 81 69 39 Mail : isabelle.yon@orange.fr Mes lieux de rendez-vous 1 rue Vandenberghe 59000 Lille M\u00e9tro : ligne 2, arr\u00eat Saint-Maurice Pellevoisin Tram : arr\u00eat Saint MaurBus 16 arr\u00eat Pilon 4 rue Coypel, 75013 Paris M\u00e9tro : place d&rsquo;Italie\" \/>\n<meta property=\"og:url\" content=\"https:\/\/www.grainsdepossible.fr\/index.php\/me-contacter\/\" \/>\n<meta property=\"og:site_name\" content=\"Grains de Possible\" \/>\n<meta property=\"article:publisher\" content=\"https:\/\/www.facebook.com\/profile.php?id=100016999153784\" \/>\n<meta property=\"article:modified_time\" content=\"2025-09-18T09:35:23+00:00\" \/>\n<meta property=\"og:image\" content=\"https:\/\/www.grainsdepossible.fr\/wp-content\/uploads\/2020\/06\/\u00e9rable-scaled.jpg\" \/>\n\t<meta property=\"og:image:width\" content=\"1920\" \/>\n\t<meta property=\"og:image:height\" content=\"2560\" \/>\n\t<meta property=\"og:image:type\" content=\"image\/jpeg\" \/>\n<meta name=\"twitter:card\" content=\"summary_large_image\" \/>\n<script type=\"application\/ld+json\" class=\"yoast-schema-graph\">{\"@context\":\"https:\/\/schema.org\",\"@graph\":[{\"@type\":\"WebSite\",\"@id\":\"https:\/\/www.grainsdepossible.fr\/#website\",\"url\":\"https:\/\/www.grainsdepossible.fr\/\",\"name\":\"Grains de Possible\",\"description\":\"\",\"potentialAction\":[{\"@type\":\"SearchAction\",\"target\":{\"@type\":\"EntryPoint\",\"urlTemplate\":\"https:\/\/www.grainsdepossible.fr\/?s={search_term_string}\"},\"query-input\":\"required name=search_term_string\"}],\"inLanguage\":\"fr-FR\"},{\"@type\":\"ImageObject\",\"@id\":\"https:\/\/www.grainsdepossible.fr\/index.php\/me-contacter\/#primaryimage\",\"inLanguage\":\"fr-FR\",\"url\":\"https:\/\/www.grainsdepossible.fr\/wp-content\/uploads\/2020\/06\/\u00e9rable-scaled.jpg\",\"contentUrl\":\"https:\/\/www.grainsdepossible.fr\/wp-content\/uploads\/2020\/06\/\u00e9rable-scaled.jpg\",\"width\":1920,\"height\":2560},{\"@type\":\"WebPage\",\"@id\":\"https:\/\/www.grainsdepossible.fr\/index.php\/me-contacter\/#webpage\",\"url\":\"https:\/\/www.grainsdepossible.fr\/index.php\/me-contacter\/\",\"name\":\"Me contacter - Grains de Possible\",\"isPartOf\":{\"@id\":\"https:\/\/www.grainsdepossible.fr\/#website\"},\"primaryImageOfPage\":{\"@id\":\"https:\/\/www.grainsdepossible.fr\/index.php\/me-contacter\/#primaryimage\"},\"datePublished\":\"2020-09-03T13:48:17+00:00\",\"dateModified\":\"2025-09-18T09:35:23+00:00\",\"breadcrumb\":{\"@id\":\"https:\/\/www.grainsdepossible.fr\/index.php\/me-contacter\/#breadcrumb\"},\"inLanguage\":\"fr-FR\",\"potentialAction\":[{\"@type\":\"ReadAction\",\"target\":[\"https:\/\/www.grainsdepossible.fr\/index.php\/me-contacter\/\"]}]},{\"@type\":\"BreadcrumbList\",\"@id\":\"https:\/\/www.grainsdepossible.fr\/index.php\/me-contacter\/#breadcrumb\",\"itemListElement\":[{\"@type\":\"ListItem\",\"position\":1,\"name\":\"Home\",\"item\":\"https:\/\/www.grainsdepossible.fr\/\"},{\"@type\":\"ListItem\",\"position\":2,\"name\":\"Me contacter\"}]}]}<\/script>\n<!-- \/ Yoast SEO plugin. -->","yoast_head_json":{"title":"Me contacter - Grains de Possible","robots":{"index":"index","follow":"follow","max-snippet":"max-snippet:-1","max-image-preview":"max-image-preview:large","max-video-preview":"max-video-preview:-1"},"canonical":"https:\/\/www.grainsdepossible.fr\/index.php\/me-contacter\/","og_locale":"fr_FR","og_type":"article","og_title":"Me contacter - Grains de Possible","og_description":"Mes coordonn\u00e9es Isabelle Yon1 rue Vandenberghe, 59000 Lille T\u00e9l : 06 85 81 69 39 Mail : isabelle.yon@orange.fr Mes lieux de rendez-vous 1 rue Vandenberghe 59000 Lille M\u00e9tro : ligne 2, arr\u00eat Saint-Maurice Pellevoisin Tram : arr\u00eat Saint MaurBus 16 arr\u00eat Pilon 4 rue Coypel, 75013 Paris M\u00e9tro : place d&rsquo;Italie","og_url":"https:\/\/www.grainsdepossible.fr\/index.php\/me-contacter\/","og_site_name":"Grains de Possible","article_publisher":"https:\/\/www.facebook.com\/profile.php?id=100016999153784","article_modified_time":"2025-09-18T09:35:23+00:00","og_image":[{"width":1920,"height":2560,"url":"https:\/\/www.grainsdepossible.fr\/wp-content\/uploads\/2020\/06\/\u00e9rable-scaled.jpg","type":"image\/jpeg"}],"twitter_card":"summary_large_image","schema":{"@context":"https:\/\/schema.org","@graph":[{"@type":"WebSite","@id":"https:\/\/www.grainsdepossible.fr\/#website","url":"https:\/\/www.grainsdepossible.fr\/","name":"Grains de Possible","description":"","potentialAction":[{"@type":"SearchAction","target":{"@type":"EntryPoint","urlTemplate":"https:\/\/www.grainsdepossible.fr\/?s={search_term_string}"},"query-input":"required name=search_term_string"}],"inLanguage":"fr-FR"},{"@type":"ImageObject","@id":"https:\/\/www.grainsdepossible.fr\/index.php\/me-contacter\/#primaryimage","inLanguage":"fr-FR","url":"https:\/\/www.grainsdepossible.fr\/wp-content\/uploads\/2020\/06\/\u00e9rable-scaled.jpg","contentUrl":"https:\/\/www.grainsdepossible.fr\/wp-content\/uploads\/2020\/06\/\u00e9rable-scaled.jpg","width":1920,"height":2560},{"@type":"WebPage","@id":"https:\/\/www.grainsdepossible.fr\/index.php\/me-contacter\/#webpage","url":"https:\/\/www.grainsdepossible.fr\/index.php\/me-contacter\/","name":"Me contacter - Grains de Possible","isPartOf":{"@id":"https:\/\/www.grainsdepossible.fr\/#website"},"primaryImageOfPage":{"@id":"https:\/\/www.grainsdepossible.fr\/index.php\/me-contacter\/#primaryimage"},"datePublished":"2020-09-03T13:48:17+00:00","dateModified":"2025-09-18T09:35:23+00:00","breadcrumb":{"@id":"https:\/\/www.grainsdepossible.fr\/index.php\/me-contacter\/#breadcrumb"},"inLanguage":"fr-FR","potentialAction":[{"@type":"ReadAction","target":["https:\/\/www.grainsdepossible.fr\/index.php\/me-contacter\/"]}]},{"@type":"BreadcrumbList","@id":"https:\/\/www.grainsdepossible.fr\/index.php\/me-contacter\/#breadcrumb","itemListElement":[{"@type":"ListItem","position":1,"name":"Home","item":"https:\/\/www.grainsdepossible.fr\/"},{"@type":"ListItem","position":2,"name":"Me contacter"}]}]}},"_links":{"self":[{"href":"https:\/\/www.grainsdepossible.fr\/index.php\/wp-json\/wp\/v2\/pages\/622"}],"collection":[{"href":"https:\/\/www.grainsdepossible.fr\/index.php\/wp-json\/wp\/v2\/pages"}],"about":[{"href":"https:\/\/www.grainsdepossible.fr\/index.php\/wp-json\/wp\/v2\/types\/page"}],"author":[{"embeddable":true,"href":"https:\/\/www.grainsdepossible.fr\/index.php\/wp-json\/wp\/v2\/users\/2"}],"replies":[{"embeddable":true,"href":"https:\/\/www.grainsdepossible.fr\/index.php\/wp-json\/wp\/v2\/comments?post=622"}],"version-history":[{"count":41,"href":"https:\/\/www.grainsdepossible.fr\/index.php\/wp-json\/wp\/v2\/pages\/622\/revisions"}],"predecessor-version":[{"id":1466,"href":"https:\/\/www.grainsdepossible.fr\/index.php\/wp-json\/wp\/v2\/pages\/622\/revisions\/1466"}],"wp:featuredmedia":[{"embeddable":true,"href":"https:\/\/www.grainsdepossible.fr\/index.php\/wp-json\/wp\/v2\/media\/173"}],"wp:attachment":[{"href":"https:\/\/www.grainsdepossible.fr\/index.php\/wp-json\/wp\/v2\/media?parent=622"}],"curies":[{"name":"wp","href":"https:\/\/api.w.org\/{rel}","templated":true}]}}