{"id":721,"date":"2021-05-02T15:10:37","date_gmt":"2021-05-02T13:10:37","guid":{"rendered":"https:\/\/www.grainsdepossible.fr\/?page_id=721"},"modified":"2026-02-02T14:13:32","modified_gmt":"2026-02-02T13:13:32","slug":"mes-propositions","status":"publish","type":"page","link":"https:\/\/www.grainsdepossible.fr\/index.php\/mes-propositions\/","title":{"rendered":"Mes propositions"},"content":{"rendered":"<div class=\"wp-block-image is-style-rounded\">\n<figure class=\"aligncenter size-thumbnail\"><img decoding=\"async\" loading=\"lazy\" width=\"150\" height=\"150\" src=\"https:\/\/www.grainsdepossible.fr\/wp-content\/uploads\/2020\/09\/IMG_0679-1-150x150.jpg\" alt=\"\" class=\"wp-image-476\" srcset=\"https:\/\/www.grainsdepossible.fr\/wp-content\/uploads\/2020\/09\/IMG_0679-1-150x150.jpg 150w, https:\/\/www.grainsdepossible.fr\/wp-content\/uploads\/2020\/09\/IMG_0679-1-300x300.jpg 300w\" sizes=\"(max-width: 150px) 100vw, 150px\" \/><\/figure><\/div>\n\n\n<h3 class=\"wp-block-heading has-text-align-center has-text-color\" style=\"color:#7c43b0\">Accompagnement en m\u00e9moire cellulaire<\/h3>\n\n\n\n<p>Vous souhaitez prendre un temps pour vous \u00e9couter et explorer ce qui vous questionne dans votre vie ?<\/p>\n\n\n\n<blockquote class=\"wp-block-quote\">\n<p>Je vous propose un espace de&nbsp;consultation individuelle, o\u00f9 je me joins \u00e0 vous pour explorer vos ressentis, vos exp\u00e9riences corporelles et \u00e9motionnelles, et la mani\u00e8re dont ils se manifestent dans votre vie quotidienne.<\/p>\n<\/blockquote>\n\n\n\n<p>Quelles situations ou habitudes vous semblent r\u00e9p\u00e9titives ou limitantes ?<\/p>\n\n\n\n<p>Quelles ressources pouvez-vous mobiliser pour avancer avec plus de conscience et de clart\u00e9 ?<\/p>\n\n\n\n<blockquote class=\"wp-block-quote\">\n<p>Je poursuis moi-m\u00eame ce travail lors de mes s\u00e9ances individuelles ainsi que lors de s\u00e9ances de supervision.<\/p>\n<\/blockquote>\n\n\n<div class=\"wp-block-image is-style-rounded\">\n<figure class=\"aligncenter size-thumbnail is-resized\"><img decoding=\"async\" loading=\"lazy\" src=\"https:\/\/www.grainsdepossible.fr\/wp-content\/uploads\/2020\/09\/belle-de-nuit-2-150x150.jpg\" alt=\"\" class=\"wp-image-661\" width=\"153\" height=\"153\" srcset=\"https:\/\/www.grainsdepossible.fr\/wp-content\/uploads\/2020\/09\/belle-de-nuit-2-150x150.jpg 150w, https:\/\/www.grainsdepossible.fr\/wp-content\/uploads\/2020\/09\/belle-de-nuit-2-300x300.jpg 300w\" sizes=\"(max-width: 153px) 100vw, 153px\" \/><\/figure><\/div>\n\n\n<h3 class=\"wp-block-heading has-text-align-center has-text-color\" style=\"color:#7c43b0\">Formatrice et \u00e9coutante<\/h3>\n\n\n\n<p>Vous souhaitez organiser des journ\u00e9es, week-ends ou s\u00e9minaires et cherchez un accompagnement pour clarifier ou enrichir votre proposition ?<\/p>\n\n\n\n<p>Je vous propose de vous accompagner dans la co-construction de votre projet, et d\u2019y participer comme intervenante ou \u00e9coutante, en m\u2019appuyant sur les outils qui sont les miens.&nbsp;<\/p>\n\n\n\n<p>Je mets notamment \u00e0 disposition des&nbsp;outils philosophiques, anthropologiques et spirituels, pour nourrir la r\u00e9flexion, explorer le sens des exp\u00e9riences et soutenir le dialogue. Ces outils sont propos\u00e9s comme des supports de lecture et de compr\u00e9hension, et non comme des m\u00e9thodes de soin ou de transformation.<\/p>\n\n\n\n<blockquote class=\"wp-block-quote\">\n<p>Depuis plus de dix ans, j\u2019anime \u00e9galement des sessions et groupes de lecture de textes bibliques. L\u2019objectif est d\u2019apprendre \u00e0 \u00e9couter la richesse du texte et \u00e0 en accueillir le sens personnel, en explorant la mani\u00e8re dont il r\u00e9sonne pour chacun. Pour cela, j\u2019utilise une approche s\u00e9miotique, centr\u00e9e sur la lecture et la r\u00e9flexion, sans interpr\u00e9tation dogmatique.<\/p>\n<\/blockquote>\n\n\n\n<h4 class=\"wp-block-heading has-text-color\" style=\"color:#1597e2\"><mark style=\"background-color:rgba(0, 0, 0, 0);color:#7c43b0\" class=\"has-inline-color\">Acc\u00e9dez \u00e0 mon <a href=\"https:\/\/www.grainsdepossible.fr\/index.php\/mon-parcours\/\">parcours professionnel<\/a>.<\/mark><\/h4>\n","protected":false},"excerpt":{"rendered":"<p>Accompagnement en m\u00e9moire cellulaire Vous souhaitez prendre un temps pour vous \u00e9couter et explorer ce qui vous questionne dans votre vie ? Je vous propose un espace de&nbsp;consultation individuelle, o\u00f9 je me joins \u00e0 vous pour explorer vos ressentis, vos exp\u00e9riences corporelles et \u00e9motionnelles, et la mani\u00e8re dont ils se manifestent dans votre vie quotidienne. Quelles situations ou habitudes vous semblent r\u00e9p\u00e9titives ou limitantes ? Quelles ressources pouvez-vous mobiliser pour avancer avec plus de conscience et de clart\u00e9 ? Je&#8230;<\/p>\n<p class=\"read-more\"><a class=\"btn btn-default\" href=\"https:\/\/www.grainsdepossible.fr\/index.php\/mes-propositions\/\">Lire la suite<span class=\"screen-reader-text\"> Lire la suite<\/span><\/a><\/p>\n","protected":false},"author":2,"featured_media":0,"parent":0,"menu_order":0,"comment_status":"closed","ping_status":"closed","template":"","meta":[],"yoast_head":"<!-- This site is optimized with the Yoast SEO plugin v18.6 - https:\/\/yoast.com\/wordpress\/plugins\/seo\/ -->\n<title>Mes propositions - Grains de Possible<\/title>\n<meta name=\"description\" content=\"Accompagnement en m\u00e9moire cellulaire : explorer vos ressentis corporels et \u00e9motionnels, redonner sens \u00e0 vos exp\u00e9riences et \u00e0 votre parcours.\" \/>\n<meta name=\"robots\" content=\"index, follow, max-snippet:-1, max-image-preview:large, max-video-preview:-1\" \/>\n<link rel=\"canonical\" href=\"https:\/\/www.grainsdepossible.fr\/index.php\/mes-propositions\/\" \/>\n<meta property=\"og:locale\" content=\"fr_FR\" \/>\n<meta property=\"og:type\" content=\"article\" \/>\n<meta property=\"og:title\" content=\"Mes propositions - Grains de Possible\" \/>\n<meta property=\"og:description\" content=\"Accompagnement en m\u00e9moire cellulaire : explorer vos ressentis corporels et \u00e9motionnels, redonner sens \u00e0 vos exp\u00e9riences et \u00e0 votre parcours.\" \/>\n<meta property=\"og:url\" content=\"https:\/\/www.grainsdepossible.fr\/index.php\/mes-propositions\/\" \/>\n<meta property=\"og:site_name\" content=\"Grains de Possible\" \/>\n<meta property=\"article:publisher\" content=\"https:\/\/www.facebook.com\/profile.php?id=100016999153784\" \/>\n<meta property=\"article:modified_time\" content=\"2026-02-02T13:13:32+00:00\" \/>\n<meta property=\"og:image\" content=\"https:\/\/www.grainsdepossible.fr\/wp-content\/uploads\/2020\/09\/IMG_0679-1-150x150.jpg\" \/>\n<meta name=\"twitter:card\" content=\"summary_large_image\" \/>\n<meta name=\"twitter:label1\" content=\"Dur\u00e9e de lecture estim\u00e9e\" \/>\n\t<meta name=\"twitter:data1\" content=\"2 minutes\" \/>\n<script type=\"application\/ld+json\" class=\"yoast-schema-graph\">{\"@context\":\"https:\/\/schema.org\",\"@graph\":[{\"@type\":\"WebSite\",\"@id\":\"https:\/\/www.grainsdepossible.fr\/#website\",\"url\":\"https:\/\/www.grainsdepossible.fr\/\",\"name\":\"Grains de Possible\",\"description\":\"\",\"potentialAction\":[{\"@type\":\"SearchAction\",\"target\":{\"@type\":\"EntryPoint\",\"urlTemplate\":\"https:\/\/www.grainsdepossible.fr\/?s={search_term_string}\"},\"query-input\":\"required name=search_term_string\"}],\"inLanguage\":\"fr-FR\"},{\"@type\":\"ImageObject\",\"@id\":\"https:\/\/www.grainsdepossible.fr\/index.php\/mes-propositions\/#primaryimage\",\"inLanguage\":\"fr-FR\",\"url\":\"https:\/\/www.grainsdepossible.fr\/wp-content\/uploads\/2020\/09\/IMG_0679-1.jpg\",\"contentUrl\":\"https:\/\/www.grainsdepossible.fr\/wp-content\/uploads\/2020\/09\/IMG_0679-1.jpg\",\"width\":1687,\"height\":1527},{\"@type\":\"WebPage\",\"@id\":\"https:\/\/www.grainsdepossible.fr\/index.php\/mes-propositions\/#webpage\",\"url\":\"https:\/\/www.grainsdepossible.fr\/index.php\/mes-propositions\/\",\"name\":\"Mes propositions - Grains de Possible\",\"isPartOf\":{\"@id\":\"https:\/\/www.grainsdepossible.fr\/#website\"},\"primaryImageOfPage\":{\"@id\":\"https:\/\/www.grainsdepossible.fr\/index.php\/mes-propositions\/#primaryimage\"},\"datePublished\":\"2021-05-02T13:10:37+00:00\",\"dateModified\":\"2026-02-02T13:13:32+00:00\",\"description\":\"Accompagnement en m\u00e9moire cellulaire : explorer vos ressentis corporels et \u00e9motionnels, redonner sens \u00e0 vos exp\u00e9riences et \u00e0 votre parcours.\",\"breadcrumb\":{\"@id\":\"https:\/\/www.grainsdepossible.fr\/index.php\/mes-propositions\/#breadcrumb\"},\"inLanguage\":\"fr-FR\",\"potentialAction\":[{\"@type\":\"ReadAction\",\"target\":[\"https:\/\/www.grainsdepossible.fr\/index.php\/mes-propositions\/\"]}]},{\"@type\":\"BreadcrumbList\",\"@id\":\"https:\/\/www.grainsdepossible.fr\/index.php\/mes-propositions\/#breadcrumb\",\"itemListElement\":[{\"@type\":\"ListItem\",\"position\":1,\"name\":\"Home\",\"item\":\"https:\/\/www.grainsdepossible.fr\/\"},{\"@type\":\"ListItem\",\"position\":2,\"name\":\"Mes propositions\"}]}]}<\/script>\n<!-- \/ Yoast SEO plugin. -->","yoast_head_json":{"title":"Mes propositions - Grains de Possible","description":"Accompagnement en m\u00e9moire cellulaire : explorer vos ressentis corporels et \u00e9motionnels, redonner sens \u00e0 vos exp\u00e9riences et \u00e0 votre parcours.","robots":{"index":"index","follow":"follow","max-snippet":"max-snippet:-1","max-image-preview":"max-image-preview:large","max-video-preview":"max-video-preview:-1"},"canonical":"https:\/\/www.grainsdepossible.fr\/index.php\/mes-propositions\/","og_locale":"fr_FR","og_type":"article","og_title":"Mes propositions - Grains de Possible","og_description":"Accompagnement en m\u00e9moire cellulaire : explorer vos ressentis corporels et \u00e9motionnels, redonner sens \u00e0 vos exp\u00e9riences et \u00e0 votre parcours.","og_url":"https:\/\/www.grainsdepossible.fr\/index.php\/mes-propositions\/","og_site_name":"Grains de Possible","article_publisher":"https:\/\/www.facebook.com\/profile.php?id=100016999153784","article_modified_time":"2026-02-02T13:13:32+00:00","og_image":[{"url":"https:\/\/www.grainsdepossible.fr\/wp-content\/uploads\/2020\/09\/IMG_0679-1-150x150.jpg"}],"twitter_card":"summary_large_image","twitter_misc":{"Dur\u00e9e de lecture estim\u00e9e":"2 minutes"},"schema":{"@context":"https:\/\/schema.org","@graph":[{"@type":"WebSite","@id":"https:\/\/www.grainsdepossible.fr\/#website","url":"https:\/\/www.grainsdepossible.fr\/","name":"Grains de Possible","description":"","potentialAction":[{"@type":"SearchAction","target":{"@type":"EntryPoint","urlTemplate":"https:\/\/www.grainsdepossible.fr\/?s={search_term_string}"},"query-input":"required name=search_term_string"}],"inLanguage":"fr-FR"},{"@type":"ImageObject","@id":"https:\/\/www.grainsdepossible.fr\/index.php\/mes-propositions\/#primaryimage","inLanguage":"fr-FR","url":"https:\/\/www.grainsdepossible.fr\/wp-content\/uploads\/2020\/09\/IMG_0679-1.jpg","contentUrl":"https:\/\/www.grainsdepossible.fr\/wp-content\/uploads\/2020\/09\/IMG_0679-1.jpg","width":1687,"height":1527},{"@type":"WebPage","@id":"https:\/\/www.grainsdepossible.fr\/index.php\/mes-propositions\/#webpage","url":"https:\/\/www.grainsdepossible.fr\/index.php\/mes-propositions\/","name":"Mes propositions - Grains de Possible","isPartOf":{"@id":"https:\/\/www.grainsdepossible.fr\/#website"},"primaryImageOfPage":{"@id":"https:\/\/www.grainsdepossible.fr\/index.php\/mes-propositions\/#primaryimage"},"datePublished":"2021-05-02T13:10:37+00:00","dateModified":"2026-02-02T13:13:32+00:00","description":"Accompagnement en m\u00e9moire cellulaire : explorer vos ressentis corporels et \u00e9motionnels, redonner sens \u00e0 vos exp\u00e9riences et \u00e0 votre parcours.","breadcrumb":{"@id":"https:\/\/www.grainsdepossible.fr\/index.php\/mes-propositions\/#breadcrumb"},"inLanguage":"fr-FR","potentialAction":[{"@type":"ReadAction","target":["https:\/\/www.grainsdepossible.fr\/index.php\/mes-propositions\/"]}]},{"@type":"BreadcrumbList","@id":"https:\/\/www.grainsdepossible.fr\/index.php\/mes-propositions\/#breadcrumb","itemListElement":[{"@type":"ListItem","position":1,"name":"Home","item":"https:\/\/www.grainsdepossible.fr\/"},{"@type":"ListItem","position":2,"name":"Mes propositions"}]}]}},"_links":{"self":[{"href":"https:\/\/www.grainsdepossible.fr\/index.php\/wp-json\/wp\/v2\/pages\/721"}],"collection":[{"href":"https:\/\/www.grainsdepossible.fr\/index.php\/wp-json\/wp\/v2\/pages"}],"about":[{"href":"https:\/\/www.grainsdepossible.fr\/index.php\/wp-json\/wp\/v2\/types\/page"}],"author":[{"embeddable":true,"href":"https:\/\/www.grainsdepossible.fr\/index.php\/wp-json\/wp\/v2\/users\/2"}],"replies":[{"embeddable":true,"href":"https:\/\/www.grainsdepossible.fr\/index.php\/wp-json\/wp\/v2\/comments?post=721"}],"version-history":[{"count":71,"href":"https:\/\/www.grainsdepossible.fr\/index.php\/wp-json\/wp\/v2\/pages\/721\/revisions"}],"predecessor-version":[{"id":1527,"href":"https:\/\/www.grainsdepossible.fr\/index.php\/wp-json\/wp\/v2\/pages\/721\/revisions\/1527"}],"wp:attachment":[{"href":"https:\/\/www.grainsdepossible.fr\/index.php\/wp-json\/wp\/v2\/media?parent=721"}],"curies":[{"name":"wp","href":"https:\/\/api.w.org\/{rel}","templated":true}]}}