{"id":82,"date":"2020-05-08T16:56:20","date_gmt":"2020-05-08T14:56:20","guid":{"rendered":"http:\/\/www.lesyon.fr\/site2\/?page_id=82"},"modified":"2026-02-02T18:44:57","modified_gmt":"2026-02-02T17:44:57","slug":"memoire-cellulaire","status":"publish","type":"page","link":"https:\/\/www.grainsdepossible.fr\/index.php\/memoire-cellulaire\/","title":{"rendered":"La d\u00e9marche en m\u00e9moire cellulaire"},"content":{"rendered":"\n<div class=\"wp-block-group is-layout-flow\"><div class=\"wp-block-group__inner-container\">\n<div class=\"wp-block-group is-layout-flow\"><div class=\"wp-block-group__inner-container\">\n<div class=\"wp-block-group is-layout-constrained\"><div class=\"wp-block-group__inner-container\">\n<figure class=\"wp-block-image\"><img alt=\"\"\/><\/figure>\n<\/div><\/div>\n\n\n\n<p class=\"has-text-color has-medium-font-size\" style=\"color:#0071a1\"><\/p>\n\n\n\n<p class=\"has-medium-font-size\">Certaines habitudes ou r\u00e9actions qui se r\u00e9p\u00e8tent peuvent cr\u00e9er tensions et blocages dans notre vie. Ces comportements ont souvent \u00e9t\u00e9 utiles \u00e0 un moment donn\u00e9, comme des strat\u00e9gies d\u2019adaptation. Avec le temps, ils peuvent devenir limitants, un peu comme des v\u00eatements qui ne sont plus \u00e0 notre taille.<\/p>\n<\/div><\/div>\n<\/div><\/div>\n\n\n\n<h2 class=\"wp-block-heading has-text-align-center has-text-color\" style=\"color:#572b7f\">Explorer les traces et ressentis dans notre corps <\/h2>\n\n\n<div class=\"wp-block-image is-style-rounded\">\n<figure class=\"aligncenter size-medium\"><img decoding=\"async\" loading=\"lazy\" width=\"300\" height=\"251\" src=\"https:\/\/www.grainsdepossible.fr\/wp-content\/uploads\/2020\/06\/rose-2-300x251.jpg\" alt=\"\" class=\"wp-image-180\" srcset=\"https:\/\/www.grainsdepossible.fr\/wp-content\/uploads\/2020\/06\/rose-2-300x251.jpg 300w, https:\/\/www.grainsdepossible.fr\/wp-content\/uploads\/2020\/06\/rose-2-768x642.jpg 768w, https:\/\/www.grainsdepossible.fr\/wp-content\/uploads\/2020\/06\/rose-2-323x270.jpg 323w, https:\/\/www.grainsdepossible.fr\/wp-content\/uploads\/2020\/06\/rose-2.jpg 960w\" sizes=\"(max-width: 300px) 100vw, 300px\" \/><\/figure><\/div>\n\n\n<p class=\"has-text-color has-medium-font-size\" style=\"color:#0071a1\"><\/p>\n\n\n\n<p class=\"has-medium-font-size\">L\u2019\u00e9coute de notre corps aide \u00e0 percevoir ces sch\u00e9mas et \u00e0 accueillir ce qui se vit, pour mieux comprendre ces comportements r\u00e9p\u00e9titifs. Elle inclut nos exp\u00e9riences personnelles ainsi que les influences familiales et culturelles qui fa\u00e7onnent notre mani\u00e8re d\u2019\u00eatre.<\/p>\n\n\n\n<blockquote class=\"wp-block-quote\">\n<p class=\"has-small-font-size\">En France, Myriam Brousse a \u00e9t\u00e9 pionni\u00e8re dans l\u2019exploration de l\u2019\u00e9coute du corps et a contribu\u00e9 \u00e0 structurer cette d\u00e9marche.<\/p>\n<\/blockquote>\n\n\n\n<h2 class=\"wp-block-heading has-text-align-center has-text-color\" style=\"color:#572b7f\">\u00c9largir notre conscience<\/h2>\n\n\n\n<p class=\"has-medium-font-size\">Diff\u00e9rents outils \u2014 observation du corps, ressentis, visualisations, dialogues \u2014 permettent d\u2019explorer l\u2019exp\u00e9rience corporelle et \u00e9motionnelle. L\u2019objectif n\u2019est pas de corriger, mais de cr\u00e9er un espace o\u00f9 la conscience et la pr\u00e9sence \u00e0 soi peuvent se d\u00e9ployer. Chaque chemin est unique, chaque personne porte en elle ses talents et ses ressources. <\/p>\n\n\n\n<p><mark style=\"background-color:rgba(0, 0, 0, 0);color:#7c43b0\" class=\"has-inline-color\">Cette d\u00e9marche est un accompagnement r\u00e9flexif et de pr\u00e9sence \u00e0 soi. Elle ne constitue ni un soin m\u00e9dical ni une psychoth\u00e9rapie, ne pose pas de diagnostic et ne se substitue pas \u00e0 un suivi de sant\u00e9. <\/mark> <\/p>\n\n\n\n<div class=\"wp-block-group is-layout-flow\"><div class=\"wp-block-group__inner-container\"><\/div><\/div>\n\n\n\n<p class=\"has-text-align-center\"><mark style=\"background-color:rgba(0, 0, 0, 0);color:#7c43b0\" class=\"has-inline-color\">Isabelle Yon \u2013\u00a0<strong>Praticienne en m\u00e9moire cellulaire et formatrice<\/strong>\u00a0\u2013 Lille<\/mark><\/p>\n","protected":false},"excerpt":{"rendered":"<p>Certaines habitudes ou r\u00e9actions qui se r\u00e9p\u00e8tent peuvent cr\u00e9er tensions et blocages dans notre vie. Ces comportements ont souvent \u00e9t\u00e9 utiles \u00e0 un moment donn\u00e9, comme des strat\u00e9gies d\u2019adaptation. Avec le temps, ils peuvent devenir limitants, un peu comme des v\u00eatements qui ne sont plus \u00e0 notre taille. Explorer les traces et ressentis dans notre corps L\u2019\u00e9coute de notre corps aide \u00e0 percevoir ces sch\u00e9mas et \u00e0 accueillir ce qui se vit, pour mieux comprendre ces comportements r\u00e9p\u00e9titifs. Elle inclut&#8230;<\/p>\n<p class=\"read-more\"><a class=\"btn btn-default\" href=\"https:\/\/www.grainsdepossible.fr\/index.php\/memoire-cellulaire\/\">Lire la suite<span class=\"screen-reader-text\"> Lire la suite<\/span><\/a><\/p>\n","protected":false},"author":2,"featured_media":0,"parent":0,"menu_order":0,"comment_status":"closed","ping_status":"closed","template":"","meta":[],"yoast_head":"<!-- This site is optimized with the Yoast SEO plugin v18.6 - https:\/\/yoast.com\/wordpress\/plugins\/seo\/ -->\n<title>La d\u00e9marche en m\u00e9moire cellulaire - Grains de Possible<\/title>\n<meta name=\"robots\" content=\"index, follow, max-snippet:-1, max-image-preview:large, max-video-preview:-1\" \/>\n<link rel=\"canonical\" href=\"https:\/\/www.grainsdepossible.fr\/index.php\/memoire-cellulaire\/\" \/>\n<meta property=\"og:locale\" content=\"fr_FR\" \/>\n<meta property=\"og:type\" content=\"article\" \/>\n<meta property=\"og:title\" content=\"La d\u00e9marche en m\u00e9moire cellulaire - Grains de Possible\" \/>\n<meta property=\"og:description\" content=\"Certaines habitudes ou r\u00e9actions qui se r\u00e9p\u00e8tent peuvent cr\u00e9er tensions et blocages dans notre vie. Ces comportements ont souvent \u00e9t\u00e9 utiles \u00e0 un moment donn\u00e9, comme des strat\u00e9gies d\u2019adaptation. Avec le temps, ils peuvent devenir limitants, un peu comme des v\u00eatements qui ne sont plus \u00e0 notre taille. Explorer les traces et ressentis dans notre corps L\u2019\u00e9coute de notre corps aide \u00e0 percevoir ces sch\u00e9mas et \u00e0 accueillir ce qui se vit, pour mieux comprendre ces comportements r\u00e9p\u00e9titifs. Elle inclut...Lire la suite Lire la suite\" \/>\n<meta property=\"og:url\" content=\"https:\/\/www.grainsdepossible.fr\/index.php\/memoire-cellulaire\/\" \/>\n<meta property=\"og:site_name\" content=\"Grains de Possible\" \/>\n<meta property=\"article:publisher\" content=\"https:\/\/www.facebook.com\/profile.php?id=100016999153784\" \/>\n<meta property=\"article:modified_time\" content=\"2026-02-02T17:44:57+00:00\" \/>\n<meta property=\"og:image\" content=\"https:\/\/www.grainsdepossible.fr\/wp-content\/uploads\/2020\/06\/rose-2-300x251.jpg\" \/>\n<meta name=\"twitter:card\" content=\"summary_large_image\" \/>\n<meta name=\"twitter:label1\" content=\"Dur\u00e9e de lecture estim\u00e9e\" \/>\n\t<meta name=\"twitter:data1\" content=\"3 minutes\" \/>\n<script type=\"application\/ld+json\" class=\"yoast-schema-graph\">{\"@context\":\"https:\/\/schema.org\",\"@graph\":[{\"@type\":\"WebSite\",\"@id\":\"https:\/\/www.grainsdepossible.fr\/#website\",\"url\":\"https:\/\/www.grainsdepossible.fr\/\",\"name\":\"Grains de Possible\",\"description\":\"\",\"potentialAction\":[{\"@type\":\"SearchAction\",\"target\":{\"@type\":\"EntryPoint\",\"urlTemplate\":\"https:\/\/www.grainsdepossible.fr\/?s={search_term_string}\"},\"query-input\":\"required name=search_term_string\"}],\"inLanguage\":\"fr-FR\"},{\"@type\":\"ImageObject\",\"@id\":\"https:\/\/www.grainsdepossible.fr\/index.php\/memoire-cellulaire\/#primaryimage\",\"inLanguage\":\"fr-FR\",\"url\":\"https:\/\/www.grainsdepossible.fr\/wp-content\/uploads\/2020\/06\/rose-2.jpg\",\"contentUrl\":\"https:\/\/www.grainsdepossible.fr\/wp-content\/uploads\/2020\/06\/rose-2.jpg\",\"width\":960,\"height\":803},{\"@type\":\"WebPage\",\"@id\":\"https:\/\/www.grainsdepossible.fr\/index.php\/memoire-cellulaire\/#webpage\",\"url\":\"https:\/\/www.grainsdepossible.fr\/index.php\/memoire-cellulaire\/\",\"name\":\"La d\u00e9marche en m\u00e9moire cellulaire - Grains de Possible\",\"isPartOf\":{\"@id\":\"https:\/\/www.grainsdepossible.fr\/#website\"},\"primaryImageOfPage\":{\"@id\":\"https:\/\/www.grainsdepossible.fr\/index.php\/memoire-cellulaire\/#primaryimage\"},\"datePublished\":\"2020-05-08T14:56:20+00:00\",\"dateModified\":\"2026-02-02T17:44:57+00:00\",\"breadcrumb\":{\"@id\":\"https:\/\/www.grainsdepossible.fr\/index.php\/memoire-cellulaire\/#breadcrumb\"},\"inLanguage\":\"fr-FR\",\"potentialAction\":[{\"@type\":\"ReadAction\",\"target\":[\"https:\/\/www.grainsdepossible.fr\/index.php\/memoire-cellulaire\/\"]}]},{\"@type\":\"BreadcrumbList\",\"@id\":\"https:\/\/www.grainsdepossible.fr\/index.php\/memoire-cellulaire\/#breadcrumb\",\"itemListElement\":[{\"@type\":\"ListItem\",\"position\":1,\"name\":\"Home\",\"item\":\"https:\/\/www.grainsdepossible.fr\/\"},{\"@type\":\"ListItem\",\"position\":2,\"name\":\"La d\u00e9marche en m\u00e9moire cellulaire\"}]}]}<\/script>\n<!-- \/ Yoast SEO plugin. -->","yoast_head_json":{"title":"La d\u00e9marche en m\u00e9moire cellulaire - Grains de Possible","robots":{"index":"index","follow":"follow","max-snippet":"max-snippet:-1","max-image-preview":"max-image-preview:large","max-video-preview":"max-video-preview:-1"},"canonical":"https:\/\/www.grainsdepossible.fr\/index.php\/memoire-cellulaire\/","og_locale":"fr_FR","og_type":"article","og_title":"La d\u00e9marche en m\u00e9moire cellulaire - Grains de Possible","og_description":"Certaines habitudes ou r\u00e9actions qui se r\u00e9p\u00e8tent peuvent cr\u00e9er tensions et blocages dans notre vie. Ces comportements ont souvent \u00e9t\u00e9 utiles \u00e0 un moment donn\u00e9, comme des strat\u00e9gies d\u2019adaptation. Avec le temps, ils peuvent devenir limitants, un peu comme des v\u00eatements qui ne sont plus \u00e0 notre taille. Explorer les traces et ressentis dans notre corps L\u2019\u00e9coute de notre corps aide \u00e0 percevoir ces sch\u00e9mas et \u00e0 accueillir ce qui se vit, pour mieux comprendre ces comportements r\u00e9p\u00e9titifs. Elle inclut...Lire la suite Lire la suite","og_url":"https:\/\/www.grainsdepossible.fr\/index.php\/memoire-cellulaire\/","og_site_name":"Grains de Possible","article_publisher":"https:\/\/www.facebook.com\/profile.php?id=100016999153784","article_modified_time":"2026-02-02T17:44:57+00:00","og_image":[{"url":"https:\/\/www.grainsdepossible.fr\/wp-content\/uploads\/2020\/06\/rose-2-300x251.jpg"}],"twitter_card":"summary_large_image","twitter_misc":{"Dur\u00e9e de lecture estim\u00e9e":"3 minutes"},"schema":{"@context":"https:\/\/schema.org","@graph":[{"@type":"WebSite","@id":"https:\/\/www.grainsdepossible.fr\/#website","url":"https:\/\/www.grainsdepossible.fr\/","name":"Grains de Possible","description":"","potentialAction":[{"@type":"SearchAction","target":{"@type":"EntryPoint","urlTemplate":"https:\/\/www.grainsdepossible.fr\/?s={search_term_string}"},"query-input":"required name=search_term_string"}],"inLanguage":"fr-FR"},{"@type":"ImageObject","@id":"https:\/\/www.grainsdepossible.fr\/index.php\/memoire-cellulaire\/#primaryimage","inLanguage":"fr-FR","url":"https:\/\/www.grainsdepossible.fr\/wp-content\/uploads\/2020\/06\/rose-2.jpg","contentUrl":"https:\/\/www.grainsdepossible.fr\/wp-content\/uploads\/2020\/06\/rose-2.jpg","width":960,"height":803},{"@type":"WebPage","@id":"https:\/\/www.grainsdepossible.fr\/index.php\/memoire-cellulaire\/#webpage","url":"https:\/\/www.grainsdepossible.fr\/index.php\/memoire-cellulaire\/","name":"La d\u00e9marche en m\u00e9moire cellulaire - Grains de Possible","isPartOf":{"@id":"https:\/\/www.grainsdepossible.fr\/#website"},"primaryImageOfPage":{"@id":"https:\/\/www.grainsdepossible.fr\/index.php\/memoire-cellulaire\/#primaryimage"},"datePublished":"2020-05-08T14:56:20+00:00","dateModified":"2026-02-02T17:44:57+00:00","breadcrumb":{"@id":"https:\/\/www.grainsdepossible.fr\/index.php\/memoire-cellulaire\/#breadcrumb"},"inLanguage":"fr-FR","potentialAction":[{"@type":"ReadAction","target":["https:\/\/www.grainsdepossible.fr\/index.php\/memoire-cellulaire\/"]}]},{"@type":"BreadcrumbList","@id":"https:\/\/www.grainsdepossible.fr\/index.php\/memoire-cellulaire\/#breadcrumb","itemListElement":[{"@type":"ListItem","position":1,"name":"Home","item":"https:\/\/www.grainsdepossible.fr\/"},{"@type":"ListItem","position":2,"name":"La d\u00e9marche en m\u00e9moire cellulaire"}]}]}},"_links":{"self":[{"href":"https:\/\/www.grainsdepossible.fr\/index.php\/wp-json\/wp\/v2\/pages\/82"}],"collection":[{"href":"https:\/\/www.grainsdepossible.fr\/index.php\/wp-json\/wp\/v2\/pages"}],"about":[{"href":"https:\/\/www.grainsdepossible.fr\/index.php\/wp-json\/wp\/v2\/types\/page"}],"author":[{"embeddable":true,"href":"https:\/\/www.grainsdepossible.fr\/index.php\/wp-json\/wp\/v2\/users\/2"}],"replies":[{"embeddable":true,"href":"https:\/\/www.grainsdepossible.fr\/index.php\/wp-json\/wp\/v2\/comments?post=82"}],"version-history":[{"count":124,"href":"https:\/\/www.grainsdepossible.fr\/index.php\/wp-json\/wp\/v2\/pages\/82\/revisions"}],"predecessor-version":[{"id":1557,"href":"https:\/\/www.grainsdepossible.fr\/index.php\/wp-json\/wp\/v2\/pages\/82\/revisions\/1557"}],"wp:attachment":[{"href":"https:\/\/www.grainsdepossible.fr\/index.php\/wp-json\/wp\/v2\/media?parent=82"}],"curies":[{"name":"wp","href":"https:\/\/api.w.org\/{rel}","templated":true}]}}