{"id":92,"date":"2020-05-08T16:58:39","date_gmt":"2020-05-08T14:58:39","guid":{"rendered":"http:\/\/www.lesyon.fr\/site2\/?page_id=92"},"modified":"2026-02-02T14:49:53","modified_gmt":"2026-02-02T13:49:53","slug":"seances-adultes","status":"publish","type":"page","link":"https:\/\/www.grainsdepossible.fr\/index.php\/seances-adultes\/","title":{"rendered":"S\u00e9ances adultes"},"content":{"rendered":"<div class=\"wp-block-image is-style-rounded\">\n<figure class=\"aligncenter size-medium\"><img decoding=\"async\" loading=\"lazy\" width=\"282\" height=\"300\" src=\"https:\/\/www.grainsdepossible.fr\/wp-content\/uploads\/2021\/05\/IMG_2156-282x300.jpg\" alt=\"\" class=\"wp-image-843\" srcset=\"https:\/\/www.grainsdepossible.fr\/wp-content\/uploads\/2021\/05\/IMG_2156-282x300.jpg 282w, https:\/\/www.grainsdepossible.fr\/wp-content\/uploads\/2021\/05\/IMG_2156-963x1024.jpg 963w, https:\/\/www.grainsdepossible.fr\/wp-content\/uploads\/2021\/05\/IMG_2156-768x816.jpg 768w, https:\/\/www.grainsdepossible.fr\/wp-content\/uploads\/2021\/05\/IMG_2156-1445x1536.jpg 1445w, https:\/\/www.grainsdepossible.fr\/wp-content\/uploads\/2021\/05\/IMG_2156-1927x2048.jpg 1927w, https:\/\/www.grainsdepossible.fr\/wp-content\/uploads\/2021\/05\/IMG_2156-254x270.jpg 254w\" sizes=\"(max-width: 282px) 100vw, 282px\" \/><\/figure><\/div>\n\n\n<h2 class=\"wp-block-heading has-vivid-red-color has-text-color\">Les s\u00e9ances&nbsp;individuelles<\/h2>\n\n\n\n<p>Les s\u00e9ances individuelles offrent un\u00a0temps d\u2019exploration personnelle\u00a0et d\u2019\u00e9coute attentive. Elles se d\u00e9roulent g\u00e9n\u00e9ralement\u00a0une fois par mois, ou selon vos besoins, et durent\u00a0environ 1h30.<\/p>\n\n\n\n<p>Chaque s\u00e9ance commence par un temps d\u2019\u00e9coute et de clarification de vos attentes.<br>\u00c0 partir des outils de la m\u00e9moire cellulaire, nous&nbsp;observons ensemble vos ressentis corporels et \u00e9motionnels, en laissant \u00e9merger sensations et perceptions. <\/p>\n\n\n\n<p>Cette d\u00e9marche permet de&nbsp;porter attention \u00e0 ce qui se vit dans le corps, et d\u2019accueillir certaines exp\u00e9riences pass\u00e9es pour mieux les comprendre.<\/p>\n\n\n\n<p class=\"has-text-align-center has-vivid-red-color has-text-color\">Isabelle Yon \u2013&nbsp;<strong>Praticienne en m\u00e9moire cellulaire et formatrice<\/strong>&nbsp;\u2013 Lille<\/p>\n","protected":false},"excerpt":{"rendered":"<p>Les s\u00e9ances&nbsp;individuelles Les s\u00e9ances individuelles offrent un\u00a0temps d\u2019exploration personnelle\u00a0et d\u2019\u00e9coute attentive. Elles se d\u00e9roulent g\u00e9n\u00e9ralement\u00a0une fois par mois, ou selon vos besoins, et durent\u00a0environ 1h30. Chaque s\u00e9ance commence par un temps d\u2019\u00e9coute et de clarification de vos attentes.\u00c0 partir des outils de la m\u00e9moire cellulaire, nous&nbsp;observons ensemble vos ressentis corporels et \u00e9motionnels, en laissant \u00e9merger sensations et perceptions. Cette d\u00e9marche permet de&nbsp;porter attention \u00e0 ce qui se vit dans le corps, et d\u2019accueillir certaines exp\u00e9riences pass\u00e9es pour mieux les comprendre&#8230;.<\/p>\n<p class=\"read-more\"><a class=\"btn btn-default\" href=\"https:\/\/www.grainsdepossible.fr\/index.php\/seances-adultes\/\">Lire la suite<span class=\"screen-reader-text\"> Lire la suite<\/span><\/a><\/p>\n","protected":false},"author":1,"featured_media":0,"parent":0,"menu_order":0,"comment_status":"closed","ping_status":"closed","template":"","meta":[],"yoast_head":"<!-- This site is optimized with the Yoast SEO plugin v18.6 - https:\/\/yoast.com\/wordpress\/plugins\/seo\/ -->\n<title>S\u00e9ances adultes - Grains de Possible<\/title>\n<meta name=\"description\" content=\"\u00ab Praticienne en m\u00e9moire cellulaire : explorer vos ressentis corporels et \u00e9motionnels pour mieux comprendre vos exp\u00e9riences et votre parcours. \u00bb\" \/>\n<meta name=\"robots\" content=\"index, follow, max-snippet:-1, max-image-preview:large, max-video-preview:-1\" \/>\n<link rel=\"canonical\" href=\"https:\/\/www.grainsdepossible.fr\/index.php\/seances-adultes\/\" \/>\n<meta property=\"og:locale\" content=\"fr_FR\" \/>\n<meta property=\"og:type\" content=\"article\" \/>\n<meta property=\"og:title\" content=\"S\u00e9ances adultes - Grains de Possible\" \/>\n<meta property=\"og:description\" content=\"\u00ab Praticienne en m\u00e9moire cellulaire : explorer vos ressentis corporels et \u00e9motionnels pour mieux comprendre vos exp\u00e9riences et votre parcours. \u00bb\" \/>\n<meta property=\"og:url\" content=\"https:\/\/www.grainsdepossible.fr\/index.php\/seances-adultes\/\" \/>\n<meta property=\"og:site_name\" content=\"Grains de Possible\" \/>\n<meta property=\"article:publisher\" content=\"https:\/\/www.facebook.com\/profile.php?id=100016999153784\" \/>\n<meta property=\"article:modified_time\" content=\"2026-02-02T13:49:53+00:00\" \/>\n<meta property=\"og:image\" content=\"https:\/\/www.grainsdepossible.fr\/wp-content\/uploads\/2021\/05\/IMG_2156-282x300.jpg\" \/>\n<meta name=\"twitter:card\" content=\"summary_large_image\" \/>\n<meta name=\"twitter:label1\" content=\"Dur\u00e9e de lecture estim\u00e9e\" \/>\n\t<meta name=\"twitter:data1\" content=\"1 minute\" \/>\n<script type=\"application\/ld+json\" class=\"yoast-schema-graph\">{\"@context\":\"https:\/\/schema.org\",\"@graph\":[{\"@type\":\"WebSite\",\"@id\":\"https:\/\/www.grainsdepossible.fr\/#website\",\"url\":\"https:\/\/www.grainsdepossible.fr\/\",\"name\":\"Grains de Possible\",\"description\":\"\",\"potentialAction\":[{\"@type\":\"SearchAction\",\"target\":{\"@type\":\"EntryPoint\",\"urlTemplate\":\"https:\/\/www.grainsdepossible.fr\/?s={search_term_string}\"},\"query-input\":\"required name=search_term_string\"}],\"inLanguage\":\"fr-FR\"},{\"@type\":\"ImageObject\",\"@id\":\"https:\/\/www.grainsdepossible.fr\/index.php\/seances-adultes\/#primaryimage\",\"inLanguage\":\"fr-FR\",\"url\":\"https:\/\/www.grainsdepossible.fr\/wp-content\/uploads\/2021\/05\/IMG_2156-282x300.jpg\",\"contentUrl\":\"https:\/\/www.grainsdepossible.fr\/wp-content\/uploads\/2021\/05\/IMG_2156-282x300.jpg\"},{\"@type\":\"WebPage\",\"@id\":\"https:\/\/www.grainsdepossible.fr\/index.php\/seances-adultes\/#webpage\",\"url\":\"https:\/\/www.grainsdepossible.fr\/index.php\/seances-adultes\/\",\"name\":\"S\u00e9ances adultes - Grains de Possible\",\"isPartOf\":{\"@id\":\"https:\/\/www.grainsdepossible.fr\/#website\"},\"primaryImageOfPage\":{\"@id\":\"https:\/\/www.grainsdepossible.fr\/index.php\/seances-adultes\/#primaryimage\"},\"datePublished\":\"2020-05-08T14:58:39+00:00\",\"dateModified\":\"2026-02-02T13:49:53+00:00\",\"description\":\"\u00ab Praticienne en m\u00e9moire cellulaire : explorer vos ressentis corporels et \u00e9motionnels pour mieux comprendre vos exp\u00e9riences et votre parcours. \u00bb\",\"breadcrumb\":{\"@id\":\"https:\/\/www.grainsdepossible.fr\/index.php\/seances-adultes\/#breadcrumb\"},\"inLanguage\":\"fr-FR\",\"potentialAction\":[{\"@type\":\"ReadAction\",\"target\":[\"https:\/\/www.grainsdepossible.fr\/index.php\/seances-adultes\/\"]}]},{\"@type\":\"BreadcrumbList\",\"@id\":\"https:\/\/www.grainsdepossible.fr\/index.php\/seances-adultes\/#breadcrumb\",\"itemListElement\":[{\"@type\":\"ListItem\",\"position\":1,\"name\":\"Home\",\"item\":\"https:\/\/www.grainsdepossible.fr\/\"},{\"@type\":\"ListItem\",\"position\":2,\"name\":\"S\u00e9ances adultes\"}]}]}<\/script>\n<!-- \/ Yoast SEO plugin. -->","yoast_head_json":{"title":"S\u00e9ances adultes - Grains de Possible","description":"\u00ab Praticienne en m\u00e9moire cellulaire : explorer vos ressentis corporels et \u00e9motionnels pour mieux comprendre vos exp\u00e9riences et votre parcours. \u00bb","robots":{"index":"index","follow":"follow","max-snippet":"max-snippet:-1","max-image-preview":"max-image-preview:large","max-video-preview":"max-video-preview:-1"},"canonical":"https:\/\/www.grainsdepossible.fr\/index.php\/seances-adultes\/","og_locale":"fr_FR","og_type":"article","og_title":"S\u00e9ances adultes - Grains de Possible","og_description":"\u00ab Praticienne en m\u00e9moire cellulaire : explorer vos ressentis corporels et \u00e9motionnels pour mieux comprendre vos exp\u00e9riences et votre parcours. \u00bb","og_url":"https:\/\/www.grainsdepossible.fr\/index.php\/seances-adultes\/","og_site_name":"Grains de Possible","article_publisher":"https:\/\/www.facebook.com\/profile.php?id=100016999153784","article_modified_time":"2026-02-02T13:49:53+00:00","og_image":[{"url":"https:\/\/www.grainsdepossible.fr\/wp-content\/uploads\/2021\/05\/IMG_2156-282x300.jpg"}],"twitter_card":"summary_large_image","twitter_misc":{"Dur\u00e9e de lecture estim\u00e9e":"1 minute"},"schema":{"@context":"https:\/\/schema.org","@graph":[{"@type":"WebSite","@id":"https:\/\/www.grainsdepossible.fr\/#website","url":"https:\/\/www.grainsdepossible.fr\/","name":"Grains de Possible","description":"","potentialAction":[{"@type":"SearchAction","target":{"@type":"EntryPoint","urlTemplate":"https:\/\/www.grainsdepossible.fr\/?s={search_term_string}"},"query-input":"required name=search_term_string"}],"inLanguage":"fr-FR"},{"@type":"ImageObject","@id":"https:\/\/www.grainsdepossible.fr\/index.php\/seances-adultes\/#primaryimage","inLanguage":"fr-FR","url":"https:\/\/www.grainsdepossible.fr\/wp-content\/uploads\/2021\/05\/IMG_2156-282x300.jpg","contentUrl":"https:\/\/www.grainsdepossible.fr\/wp-content\/uploads\/2021\/05\/IMG_2156-282x300.jpg"},{"@type":"WebPage","@id":"https:\/\/www.grainsdepossible.fr\/index.php\/seances-adultes\/#webpage","url":"https:\/\/www.grainsdepossible.fr\/index.php\/seances-adultes\/","name":"S\u00e9ances adultes - Grains de Possible","isPartOf":{"@id":"https:\/\/www.grainsdepossible.fr\/#website"},"primaryImageOfPage":{"@id":"https:\/\/www.grainsdepossible.fr\/index.php\/seances-adultes\/#primaryimage"},"datePublished":"2020-05-08T14:58:39+00:00","dateModified":"2026-02-02T13:49:53+00:00","description":"\u00ab Praticienne en m\u00e9moire cellulaire : explorer vos ressentis corporels et \u00e9motionnels pour mieux comprendre vos exp\u00e9riences et votre parcours. \u00bb","breadcrumb":{"@id":"https:\/\/www.grainsdepossible.fr\/index.php\/seances-adultes\/#breadcrumb"},"inLanguage":"fr-FR","potentialAction":[{"@type":"ReadAction","target":["https:\/\/www.grainsdepossible.fr\/index.php\/seances-adultes\/"]}]},{"@type":"BreadcrumbList","@id":"https:\/\/www.grainsdepossible.fr\/index.php\/seances-adultes\/#breadcrumb","itemListElement":[{"@type":"ListItem","position":1,"name":"Home","item":"https:\/\/www.grainsdepossible.fr\/"},{"@type":"ListItem","position":2,"name":"S\u00e9ances adultes"}]}]}},"_links":{"self":[{"href":"https:\/\/www.grainsdepossible.fr\/index.php\/wp-json\/wp\/v2\/pages\/92"}],"collection":[{"href":"https:\/\/www.grainsdepossible.fr\/index.php\/wp-json\/wp\/v2\/pages"}],"about":[{"href":"https:\/\/www.grainsdepossible.fr\/index.php\/wp-json\/wp\/v2\/types\/page"}],"author":[{"embeddable":true,"href":"https:\/\/www.grainsdepossible.fr\/index.php\/wp-json\/wp\/v2\/users\/1"}],"replies":[{"embeddable":true,"href":"https:\/\/www.grainsdepossible.fr\/index.php\/wp-json\/wp\/v2\/comments?post=92"}],"version-history":[{"count":32,"href":"https:\/\/www.grainsdepossible.fr\/index.php\/wp-json\/wp\/v2\/pages\/92\/revisions"}],"predecessor-version":[{"id":1537,"href":"https:\/\/www.grainsdepossible.fr\/index.php\/wp-json\/wp\/v2\/pages\/92\/revisions\/1537"}],"wp:attachment":[{"href":"https:\/\/www.grainsdepossible.fr\/index.php\/wp-json\/wp\/v2\/media?parent=92"}],"curies":[{"name":"wp","href":"https:\/\/api.w.org\/{rel}","templated":true}]}}